{"id":6667,"date":"2021-11-16T13:25:42","date_gmt":"2021-11-16T13:25:42","guid":{"rendered":"http:\/\/cmcconexiones.com\/?post_type=product&#038;p=6667"},"modified":"2022-05-13T02:23:38","modified_gmt":"2022-05-13T07:23:38","slug":"abundancia","status":"publish","type":"product","link":"https:\/\/cmcconexiones.com\/en\/product\/abundancia\/","title":{"rendered":"Abundance"},"content":{"rendered":"<p><strong>Benefits<\/strong><\/p>\n<p>It attracts wealth by transforming our beliefs of limitation into abundance, it benefits mental, physical and spiritual health.<\/p>\n<p><strong>Ingredients<\/strong><\/p>\n<p>Red coral, basil, cinnamon, cloves, patchouli, lemongrass.<\/p>\n<p><strong>How to use:\u00a0<\/strong> Apply to the palms of the hands, forehead, hundreds, behind the ears and nape.<\/p>","protected":false},"excerpt":{"rendered":"<p>Beneficios Atrae la riqueza mediante la transformaci\u00f3n de nuestras creencias de la limitaci\u00f3n en abundancia, beneficia la salud mental, f\u00edsica y espiritual. Ingredientes Coral rojo, albahaca, canela, clavo, patchouli, limoncillo. Modo de uso:\u00a0 Aplica en la palmas de las manos, frente, cienes, detr\u00e1s de las orejas y nuca.<\/p>","protected":false},"featured_media":7250,"template":"","meta":[],"product_brand":[],"product_cat":[51],"product_tag":[],"class_list":{"0":"post-6667","1":"product","2":"type-product","3":"status-publish","4":"has-post-thumbnail","6":"product_cat-aromaterapia","8":"first","9":"instock","10":"shipping-taxable","11":"purchasable","12":"product-type-simple"},"jetpack_sharing_enabled":true,"_links":{"self":[{"href":"https:\/\/cmcconexiones.com\/en\/wp-json\/wp\/v2\/product\/6667","targetHints":{"allow":["GET"]}}],"collection":[{"href":"https:\/\/cmcconexiones.com\/en\/wp-json\/wp\/v2\/product"}],"about":[{"href":"https:\/\/cmcconexiones.com\/en\/wp-json\/wp\/v2\/types\/product"}],"wp:featuredmedia":[{"embeddable":true,"href":"https:\/\/cmcconexiones.com\/en\/wp-json\/wp\/v2\/media\/7250"}],"wp:attachment":[{"href":"https:\/\/cmcconexiones.com\/en\/wp-json\/wp\/v2\/media?parent=6667"}],"wp:term":[{"taxonomy":"product_brand","embeddable":true,"href":"https:\/\/cmcconexiones.com\/en\/wp-json\/wp\/v2\/product_brand?post=6667"},{"taxonomy":"product_cat","embeddable":true,"href":"https:\/\/cmcconexiones.com\/en\/wp-json\/wp\/v2\/product_cat?post=6667"},{"taxonomy":"product_tag","embeddable":true,"href":"https:\/\/cmcconexiones.com\/en\/wp-json\/wp\/v2\/product_tag?post=6667"}],"curies":[{"name":"wp","href":"https:\/\/api.w.org\/{rel}","templated":true}]}}