{"id":6668,"date":"2021-11-16T13:25:43","date_gmt":"2021-11-16T13:25:43","guid":{"rendered":"http:\/\/cmcconexiones.com\/?post_type=product&#038;p=6668"},"modified":"2021-12-13T20:16:24","modified_gmt":"2021-12-14T02:16:24","slug":"calma","status":"publish","type":"product","link":"https:\/\/cmcconexiones.com\/en\/product\/calma\/","title":{"rendered":"Calm"},"content":{"rendered":"<p><strong>Benefits<\/strong><\/p>\n<p>Increases intuition, relaxation, meditation, excellent in states of anxiety and stress, relieves skin irritation, fights viruses and bacteria.<\/p>\n<p><strong>Ingredients<\/strong><\/p>\n<p>Lavender.<\/p>\n<p><strong>How to use:\u00a0<\/strong>\u00a0Apply to the palms of the hands, forehead, hundreds, behind the ears and nape.<\/p>","protected":false},"excerpt":{"rendered":"<p>Beneficios Aumenta la intuici\u00f3n, la relajaci\u00f3n, la meditaci\u00f3n, excelente en estados de ansiedad y estr\u00e9s, alivia la irritaci\u00f3n de la piel, combate virus y bacterias. Ingredientes Lavanda. Modo de uso:\u00a0\u00a0Aplica en la palmas de las manos, frente, cienes, detr\u00e1s de las orejas y nuca.<\/p>","protected":false},"featured_media":7257,"template":"","meta":[],"product_brand":[],"product_cat":[51],"product_tag":[],"class_list":{"0":"post-6668","1":"product","2":"type-product","3":"status-publish","4":"has-post-thumbnail","6":"product_cat-aromaterapia","8":"first","9":"instock","10":"shipping-taxable","11":"purchasable","12":"product-type-simple"},"jetpack_sharing_enabled":true,"_links":{"self":[{"href":"https:\/\/cmcconexiones.com\/en\/wp-json\/wp\/v2\/product\/6668","targetHints":{"allow":["GET"]}}],"collection":[{"href":"https:\/\/cmcconexiones.com\/en\/wp-json\/wp\/v2\/product"}],"about":[{"href":"https:\/\/cmcconexiones.com\/en\/wp-json\/wp\/v2\/types\/product"}],"wp:featuredmedia":[{"embeddable":true,"href":"https:\/\/cmcconexiones.com\/en\/wp-json\/wp\/v2\/media\/7257"}],"wp:attachment":[{"href":"https:\/\/cmcconexiones.com\/en\/wp-json\/wp\/v2\/media?parent=6668"}],"wp:term":[{"taxonomy":"product_brand","embeddable":true,"href":"https:\/\/cmcconexiones.com\/en\/wp-json\/wp\/v2\/product_brand?post=6668"},{"taxonomy":"product_cat","embeddable":true,"href":"https:\/\/cmcconexiones.com\/en\/wp-json\/wp\/v2\/product_cat?post=6668"},{"taxonomy":"product_tag","embeddable":true,"href":"https:\/\/cmcconexiones.com\/en\/wp-json\/wp\/v2\/product_tag?post=6668"}],"curies":[{"name":"wp","href":"https:\/\/api.w.org\/{rel}","templated":true}]}}