{"id":6671,"date":"2021-11-16T13:25:43","date_gmt":"2021-11-16T13:25:43","guid":{"rendered":"http:\/\/cmcconexiones.com\/?post_type=product&#038;p=6671"},"modified":"2021-12-13T20:20:18","modified_gmt":"2021-12-14T02:20:18","slug":"equilibrio","status":"publish","type":"product","link":"https:\/\/cmcconexiones.com\/en\/product\/equilibrio\/","title":{"rendered":"Balance"},"content":{"rendered":"<p><strong>Benefits<\/strong><\/p>\n<p>Promotes clarity of thought and balance of emotions, reduces nausea, anxiety, depression and digestive problems.<\/p>\n<p><strong>Ingredients<\/strong><\/p>\n<p>Rosemary, anise, ginger, chamomile, lemon\/lime.<\/p>\n<p><strong>How to use:\u00a0<\/strong>\u00a0Apply to the palms of the hands, forehead, hundreds, behind the ears and nape.<\/p>","protected":false},"excerpt":{"rendered":"<p>Beneficios Promueve la claridad de pensamiento y el equilibrio de las emociones, reduce nauseas, ansiedad, depresi\u00f3n y problemas digestivos. Ingredientes Romero, an\u00eds, jengibre, manzanilla, lim\u00f3n\/lima. Modo de uso:\u00a0\u00a0Aplica en la palmas de las manos, frente, cienes, detr\u00e1s de las orejas y nuca.<\/p>","protected":false},"featured_media":7265,"template":"","meta":[],"product_brand":[],"product_cat":[51],"product_tag":[],"class_list":{"0":"post-6671","1":"product","2":"type-product","3":"status-publish","4":"has-post-thumbnail","6":"product_cat-aromaterapia","8":"first","9":"instock","10":"shipping-taxable","11":"purchasable","12":"product-type-simple"},"jetpack_sharing_enabled":true,"_links":{"self":[{"href":"https:\/\/cmcconexiones.com\/en\/wp-json\/wp\/v2\/product\/6671","targetHints":{"allow":["GET"]}}],"collection":[{"href":"https:\/\/cmcconexiones.com\/en\/wp-json\/wp\/v2\/product"}],"about":[{"href":"https:\/\/cmcconexiones.com\/en\/wp-json\/wp\/v2\/types\/product"}],"wp:featuredmedia":[{"embeddable":true,"href":"https:\/\/cmcconexiones.com\/en\/wp-json\/wp\/v2\/media\/7265"}],"wp:attachment":[{"href":"https:\/\/cmcconexiones.com\/en\/wp-json\/wp\/v2\/media?parent=6671"}],"wp:term":[{"taxonomy":"product_brand","embeddable":true,"href":"https:\/\/cmcconexiones.com\/en\/wp-json\/wp\/v2\/product_brand?post=6671"},{"taxonomy":"product_cat","embeddable":true,"href":"https:\/\/cmcconexiones.com\/en\/wp-json\/wp\/v2\/product_cat?post=6671"},{"taxonomy":"product_tag","embeddable":true,"href":"https:\/\/cmcconexiones.com\/en\/wp-json\/wp\/v2\/product_tag?post=6671"}],"curies":[{"name":"wp","href":"https:\/\/api.w.org\/{rel}","templated":true}]}}