{"id":6674,"date":"2021-11-16T13:25:43","date_gmt":"2021-11-16T13:25:43","guid":{"rendered":"http:\/\/cmcconexiones.com\/?post_type=product&#038;p=6674"},"modified":"2021-12-13T20:23:14","modified_gmt":"2021-12-14T02:23:14","slug":"sueno","status":"publish","type":"product","link":"https:\/\/cmcconexiones.com\/en\/product\/sueno\/","title":{"rendered":"Sleep"},"content":{"rendered":"<p><strong>Benefits<\/strong><\/p>\n<p>Deep sleep, relaxation, decreases stress, reduces blood pressure and headaches.<\/p>\n<p><strong>Ingredients<\/strong><\/p>\n<p>Amethyst quartz, mugwort, orange blossom, chamomile, lavender, jasmine, ylang ylang.<\/p>\n<p><strong>How to use:\u00a0<\/strong> Apply to the palms of the hands, forehead, hundreds, behind the ears and nape.<\/p>","protected":false},"excerpt":{"rendered":"<p>Beneficios Sue\u00f1o profundo, relajaci\u00f3n, disminuye el estr\u00e9s, reduce la tensi\u00f3n arterial y dolores de cabeza. Ingredientes Cuarzo amatista, artemisa, azahar, manzanilla, lavanda, jazm\u00edn, ylang ylang. Modo de uso:\u00a0 Aplica en la palmas de las manos, frente, cienes, detr\u00e1s de las orejas y nuca.<\/p>","protected":false},"featured_media":7271,"template":"","meta":[],"product_brand":[],"product_cat":[51],"product_tag":[],"class_list":{"0":"post-6674","1":"product","2":"type-product","3":"status-publish","4":"has-post-thumbnail","6":"product_cat-aromaterapia","8":"first","9":"instock","10":"shipping-taxable","11":"purchasable","12":"product-type-simple"},"jetpack_sharing_enabled":true,"_links":{"self":[{"href":"https:\/\/cmcconexiones.com\/en\/wp-json\/wp\/v2\/product\/6674","targetHints":{"allow":["GET"]}}],"collection":[{"href":"https:\/\/cmcconexiones.com\/en\/wp-json\/wp\/v2\/product"}],"about":[{"href":"https:\/\/cmcconexiones.com\/en\/wp-json\/wp\/v2\/types\/product"}],"wp:featuredmedia":[{"embeddable":true,"href":"https:\/\/cmcconexiones.com\/en\/wp-json\/wp\/v2\/media\/7271"}],"wp:attachment":[{"href":"https:\/\/cmcconexiones.com\/en\/wp-json\/wp\/v2\/media?parent=6674"}],"wp:term":[{"taxonomy":"product_brand","embeddable":true,"href":"https:\/\/cmcconexiones.com\/en\/wp-json\/wp\/v2\/product_brand?post=6674"},{"taxonomy":"product_cat","embeddable":true,"href":"https:\/\/cmcconexiones.com\/en\/wp-json\/wp\/v2\/product_cat?post=6674"},{"taxonomy":"product_tag","embeddable":true,"href":"https:\/\/cmcconexiones.com\/en\/wp-json\/wp\/v2\/product_tag?post=6674"}],"curies":[{"name":"wp","href":"https:\/\/api.w.org\/{rel}","templated":true}]}}