{"id":6677,"date":"2021-11-16T13:25:44","date_gmt":"2021-11-16T13:25:44","guid":{"rendered":"http:\/\/cmcconexiones.com\/?post_type=product&#038;p=6677"},"modified":"2021-12-13T20:13:29","modified_gmt":"2021-12-14T02:13:29","slug":"alegria","status":"publish","type":"product","link":"https:\/\/cmcconexiones.com\/en\/product\/alegria\/","title":{"rendered":"Happiness"},"content":{"rendered":"<p><strong>Benefits<\/strong><\/p>\n<p>Work on self-love and for the world, empathy, sympathy, joy and relieves nervous tension.<\/p>\n<p><strong>Ingredients<\/strong><\/p>\n<p>Thyme, roses, basil.<\/p>\n<p><strong>How to use:\u00a0<\/strong>\u00a0Apply to the palms of the hands, forehead, hundreds, behind the ears and nape.<\/p>","protected":false},"excerpt":{"rendered":"<p>Beneficios Trabaja el amor propio y por el mundo, la empat\u00eda, la simpat\u00eda, la alegr\u00eda y alivia la tensi\u00f3n nerviosa. Ingredientes Tomillo, rosas, albahaca. Modo de uso:\u00a0\u00a0Aplica en la palmas de las manos, frente, cienes, detr\u00e1s de las orejas y nuca.<\/p>","protected":false},"featured_media":7251,"template":"","meta":[],"product_brand":[],"product_cat":[51],"product_tag":[],"class_list":{"0":"post-6677","1":"product","2":"type-product","3":"status-publish","4":"has-post-thumbnail","6":"product_cat-aromaterapia","8":"first","9":"instock","10":"shipping-taxable","11":"purchasable","12":"product-type-simple"},"jetpack_sharing_enabled":true,"_links":{"self":[{"href":"https:\/\/cmcconexiones.com\/en\/wp-json\/wp\/v2\/product\/6677","targetHints":{"allow":["GET"]}}],"collection":[{"href":"https:\/\/cmcconexiones.com\/en\/wp-json\/wp\/v2\/product"}],"about":[{"href":"https:\/\/cmcconexiones.com\/en\/wp-json\/wp\/v2\/types\/product"}],"wp:featuredmedia":[{"embeddable":true,"href":"https:\/\/cmcconexiones.com\/en\/wp-json\/wp\/v2\/media\/7251"}],"wp:attachment":[{"href":"https:\/\/cmcconexiones.com\/en\/wp-json\/wp\/v2\/media?parent=6677"}],"wp:term":[{"taxonomy":"product_brand","embeddable":true,"href":"https:\/\/cmcconexiones.com\/en\/wp-json\/wp\/v2\/product_brand?post=6677"},{"taxonomy":"product_cat","embeddable":true,"href":"https:\/\/cmcconexiones.com\/en\/wp-json\/wp\/v2\/product_cat?post=6677"},{"taxonomy":"product_tag","embeddable":true,"href":"https:\/\/cmcconexiones.com\/en\/wp-json\/wp\/v2\/product_tag?post=6677"}],"curies":[{"name":"wp","href":"https:\/\/api.w.org\/{rel}","templated":true}]}}