{"id":6679,"date":"2021-11-16T13:25:44","date_gmt":"2021-11-16T13:25:44","guid":{"rendered":"http:\/\/cmcconexiones.com\/?post_type=product&#038;p=6679"},"modified":"2021-12-13T20:15:20","modified_gmt":"2021-12-14T02:15:20","slug":"armonia","status":"publish","type":"product","link":"https:\/\/cmcconexiones.com\/en\/product\/armonia\/","title":{"rendered":"Harmony"},"content":{"rendered":"<p><strong>Benefits<\/strong><\/p>\n<p>Antidepressant, increases self-esteem, positive vibrations, reduces headaches, stress, irritation, confusion and tiredness. Fungicide, antiseptic.<\/p>\n<p><strong>Ingredients<\/strong><\/p>\n<p>Copal, palo santo, rosemary, amber, sandalwood, sweet orange.<\/p>\n<p><strong>How to use:\u00a0<\/strong>\u00a0Apply to the palms of the hands, forehead, hundreds, behind the ears and nape.<\/p>","protected":false},"excerpt":{"rendered":"<p>Beneficios Antidepresivo, aumenta el autoestima, las vibraciones positivas, reduce el dolor de cabeza, estr\u00e9s, irritaci\u00f3n, confusi6n y cansancio. Fungicida, antis\u00e9ptico. Ingredientes Copal, palo santo, romero, \u00e1mbar, s\u00e1ndalo, naranja dulce. Modo de uso:\u00a0\u00a0Aplica en la palmas de las manos, frente, cienes, detr\u00e1s de las orejas y nuca.<\/p>","protected":false},"featured_media":7255,"template":"","meta":[],"product_brand":[],"product_cat":[51],"product_tag":[],"class_list":{"0":"post-6679","1":"product","2":"type-product","3":"status-publish","4":"has-post-thumbnail","6":"product_cat-aromaterapia","8":"first","9":"instock","10":"shipping-taxable","11":"purchasable","12":"product-type-simple"},"jetpack_sharing_enabled":true,"_links":{"self":[{"href":"https:\/\/cmcconexiones.com\/en\/wp-json\/wp\/v2\/product\/6679","targetHints":{"allow":["GET"]}}],"collection":[{"href":"https:\/\/cmcconexiones.com\/en\/wp-json\/wp\/v2\/product"}],"about":[{"href":"https:\/\/cmcconexiones.com\/en\/wp-json\/wp\/v2\/types\/product"}],"wp:featuredmedia":[{"embeddable":true,"href":"https:\/\/cmcconexiones.com\/en\/wp-json\/wp\/v2\/media\/7255"}],"wp:attachment":[{"href":"https:\/\/cmcconexiones.com\/en\/wp-json\/wp\/v2\/media?parent=6679"}],"wp:term":[{"taxonomy":"product_brand","embeddable":true,"href":"https:\/\/cmcconexiones.com\/en\/wp-json\/wp\/v2\/product_brand?post=6679"},{"taxonomy":"product_cat","embeddable":true,"href":"https:\/\/cmcconexiones.com\/en\/wp-json\/wp\/v2\/product_cat?post=6679"},{"taxonomy":"product_tag","embeddable":true,"href":"https:\/\/cmcconexiones.com\/en\/wp-json\/wp\/v2\/product_tag?post=6679"}],"curies":[{"name":"wp","href":"https:\/\/api.w.org\/{rel}","templated":true}]}}